{"id":6,"date":"2023-01-25T17:08:07","date_gmt":"2023-01-25T16:08:07","guid":{"rendered":"https:\/\/www.eastcon.se\/?page_id=6"},"modified":"2023-01-25T17:08:07","modified_gmt":"2023-01-25T16:08:07","slug":"eastcon-ab","status":"publish","type":"page","link":"https:\/\/www.eastcon.se\/","title":{"rendered":"EastCon AB"},"content":{"rendered":"\n<p>Eastcon AB grundades i september 2017 av Tomas Karlsson och Andreas Karlsson.<\/p>\n\n\n\n<p>F\u00f6retagsnamnet Eastcon grundar sig i att vi arbetar fr\u00e4mst i \u00d6sterg\u00f6tland som konsulter inom bygg och anl\u00e4ggning<\/p>\n\n\n\n<p>V\u00e5rt arbete omfattar hela byggprocessen, fr\u00e5n detaljplaner, program och projektering till produktion och f\u00e4rdigst\u00e4llande. Detta inneb\u00e4r att vi kan sk\u00f6ta myndighetskontakter, leda projekteringsgruppens arbete, uppr\u00e4tta tidplaner och budgetar, vara behj\u00e4lpliga vid upphandling av entreprenader och leda produktionen. Allt f\u00f6rankrat genom regelbundna m\u00f6ten med best\u00e4llaren.<\/p>\n\n\n\n<p>Minst lika viktigt som tidiga skeden och produktion \u00e4r ett v\u00e4l genomf\u00f6rt projektavslut. Vi ser till att projektstyrningen bibeh\u00e5lls tills samtliga \u201dl\u00f6sa tr\u00e5dar\u201d knutits ihop och \u00f6verl\u00e4mnats.<\/p>\n\n\n\n<p>Vi kan p\u00e5 s\u00e5 s\u00e4tt ge v\u00e5ra kunder bra service genom hela byggprocessen. Som en garanti f\u00f6r uppdragsgivaren och som st\u00f6d f\u00f6r v\u00e5r egen verksamhet arbetar vi enligt ett kvalitets- och milj\u00f6ledningssystem. Kvalitets- och milj\u00f6ledningssystemet \u00e4r framtaget internt och d\u00e4rf\u00f6r helt anpassat till v\u00e5r verksamhet.<\/p>\n\n\n\n<h2 class=\"wp-block-heading\">Exempel p\u00e5 uppdrag vi utf\u00f6r f\u00f6r best\u00e4llare\/fastighets\u00e4gare\/ bostadsr\u00e4ttsf\u00f6reningar<\/h2>\n\n\n\n<ul class=\"wp-block-list\">\n<li>Kontroll och statusbesiktningar av betongkonstruktioner inom bost\u00e4der, industrier, badhus, parkeringshus m.m.<\/li>\n\n\n\n<li>Balkongbesiktningar<\/li>\n\n\n\n<li>Tillst\u00e5ndsbed\u00f6mning och kontroll av skyddsrum (skyddsrumssakkunnig med allm\u00e4n beh\u00f6righet)<\/li>\n\n\n\n<li>Uppr\u00e4ttande av rapporter och \u00e5tg\u00e4rdsf\u00f6rslag<\/li>\n\n\n\n<li>Bygg- och projektledning inom industri, kontor, bost\u00e4der<\/li>\n\n\n\n<li>Projekteringsledning<\/li>\n\n\n\n<li>Kontroll av gjutningar d\u00e4r kompetensklass 1 kr\u00e4vs inom bygg och anl\u00e4ggning<\/li>\n\n\n\n<li>Budgetbed\u00f6mning<\/li>\n<\/ul>\n\n\n\n<h2 class=\"wp-block-heading\">Exempel p\u00e5 uppdrag vi utf\u00f6r f\u00f6r entrepren\u00f6rer<\/h2>\n\n\n\n<ul class=\"wp-block-list\">\n<li>Bygg- och projektledning inom industri, kontor, bost\u00e4der<\/li>\n\n\n\n<li>Projekteringsledning<\/li>\n\n\n\n<li>Kontroll av gjutningar d\u00e4r kompetensklass 1 kr\u00e4vs inom bygg och anl\u00e4ggning<\/li>\n\n\n\n<li>Produktionsst\u00f6d<\/li>\n<\/ul>\n","protected":false},"excerpt":{"rendered":"<p>Eastcon AB grundades i september 2017 av Tomas Karlsson och Andreas Karlsson. F\u00f6retagsnamnet Eastcon grundar sig i att vi arbetar fr\u00e4mst i \u00d6sterg\u00f6tland som konsulter inom bygg och anl\u00e4ggning V\u00e5rt arbete omfattar hela byggprocessen, fr\u00e5n detaljplaner, program och projektering till produktion och f\u00e4rdigst\u00e4llande. Detta inneb\u00e4r att vi kan sk\u00f6ta myndighetskontakter, leda projekteringsgruppens arbete, uppr\u00e4tta tidplaner &hellip; <\/p>\n<p class=\"link-more\"><a href=\"https:\/\/www.eastcon.se\/\" class=\"more-link\">Forts\u00e4tt l\u00e4sa<span class=\"screen-reader-text\"> \u201dEastCon AB\u201d<\/span><\/a><\/p>\n","protected":false},"author":1,"featured_media":0,"parent":0,"menu_order":0,"comment_status":"closed","ping_status":"closed","template":"","meta":{"footnotes":""},"class_list":["post-6","page","type-page","status-publish","hentry"],"_links":{"self":[{"href":"https:\/\/www.eastcon.se\/index.php?rest_route=\/wp\/v2\/pages\/6","targetHints":{"allow":["GET"]}}],"collection":[{"href":"https:\/\/www.eastcon.se\/index.php?rest_route=\/wp\/v2\/pages"}],"about":[{"href":"https:\/\/www.eastcon.se\/index.php?rest_route=\/wp\/v2\/types\/page"}],"author":[{"embeddable":true,"href":"https:\/\/www.eastcon.se\/index.php?rest_route=\/wp\/v2\/users\/1"}],"replies":[{"embeddable":true,"href":"https:\/\/www.eastcon.se\/index.php?rest_route=%2Fwp%2Fv2%2Fcomments&post=6"}],"version-history":[{"count":1,"href":"https:\/\/www.eastcon.se\/index.php?rest_route=\/wp\/v2\/pages\/6\/revisions"}],"predecessor-version":[{"id":7,"href":"https:\/\/www.eastcon.se\/index.php?rest_route=\/wp\/v2\/pages\/6\/revisions\/7"}],"wp:attachment":[{"href":"https:\/\/www.eastcon.se\/index.php?rest_route=%2Fwp%2Fv2%2Fmedia&parent=6"}],"curies":[{"name":"wp","href":"https:\/\/api.w.org\/{rel}","templated":true}]}}